{"id":1986,"date":"2026-02-26T02:15:35","date_gmt":"2026-02-26T02:15:35","guid":{"rendered":"https:\/\/skills.visual-paradigm.com\/fr\/?page_id=1986"},"modified":"2026-02-26T02:36:18","modified_gmt":"2026-02-26T02:36:18","slug":"pmbok","status":"publish","type":"page","link":"https:\/\/skills.visual-paradigm.com\/fr\/project-management\/pmbok\/","title":{"rendered":"PMBOK"},"content":{"rendered":"\t\t<div data-elementor-type=\"wp-page\" data-elementor-id=\"1986\" class=\"elementor elementor-1986\">\n\t\t\t\t<div class=\"elementor-element elementor-element-378768f e-flex e-con-boxed e-con e-parent\" data-id=\"378768f\" data-element_type=\"container\" data-e-type=\"container\" data-settings=\"{&quot;background_background&quot;:&quot;classic&quot;}\">\n\t\t\t\t\t<div class=\"e-con-inner\">\n\t\t<div class=\"elementor-element elementor-element-bf161a5 e-con-full e-flex e-con e-child\" data-id=\"bf161a5\" data-element_type=\"container\" data-e-type=\"container\">\n\t\t\t\t<div class=\"elementor-element elementor-element-c2869c8 elementor-widget elementor-widget-heading\" data-id=\"c2869c8\" data-element_type=\"widget\" data-e-type=\"widget\" data-widget_type=\"heading.default\">\n\t\t\t\t\t<h2 class=\"elementor-heading-title elementor-size-default\">Learn PMBOK (Project Management Body of Knowledge)<\/h2>\t\t\t\t<\/div>\n\t\t\t\t<div class=\"elementor-element elementor-element-52ac105 elementor-widget elementor-widget-text-editor\" data-id=\"52ac105\" data-element_type=\"widget\" data-e-type=\"widget\" data-widget_type=\"text-editor.default\">\n\t\t\t\t\t\t\t\t\t<p data-path-to-node=\"3\">The \u00ab\u00a0Gold Standard\u00a0\u00bb playbook that lists the best ways to manage any project.<\/p>\t\t\t\t\t\t\t\t<\/div>\n\t\t\t\t<\/div>\n\t\t\t\t\t<\/div>\n\t\t\t\t<\/div>\n\t\t<div class=\"elementor-element elementor-element-a8ec011 e-flex e-con-boxed e-con e-parent\" data-id=\"a8ec011\" data-element_type=\"container\" data-e-type=\"container\" data-settings=\"{&quot;background_background&quot;:&quot;classic&quot;}\">\n\t\t\t\t\t<div class=\"e-con-inner\">\n\t\t\t\t<div class=\"elementor-element elementor-element-886b3fe elementor-widget elementor-widget-heading\" data-id=\"886b3fe\" data-element_type=\"widget\" data-e-type=\"widget\" data-widget_type=\"heading.default\">\n\t\t\t\t\t<h2 class=\"elementor-heading-title elementor-size-default\">What is PMBOK<\/h2>\t\t\t\t<\/div>\n\t\t\t\t<div class=\"elementor-element elementor-element-732413d elementor-widget__width-initial elementor-widget elementor-widget-text-editor\" data-id=\"732413d\" data-element_type=\"widget\" data-e-type=\"widget\" data-widget_type=\"text-editor.default\">\n\t\t\t\t\t\t\t\t\t<p data-path-to-node=\"5\">Think of PMBOK as the <b data-path-to-node=\"5\" data-index-in-node=\"22\">\u00ab\u00a0Encyclopedia of Project Management.\u00a0\u00bb<\/b> It\u2019s a massive collection of \u00ab\u00a0best practices\u00a0\u00bb gathered from experts all over the world. It doesn&rsquo;t tell you exactly what to do every day, but it gives you a library of proven methods to choose from. Whether you are building a bridge or launching an app, PMBOK provides the vocabulary and the \u00ab\u00a0rules of the game\u00a0\u00bb to help you succeed.<\/p>\t\t\t\t\t\t\t\t<\/div>\n\t\t\t\t\t<\/div>\n\t\t\t\t<\/div>\n\t\t<div class=\"elementor-element elementor-element-c27b5d8 e-flex e-con-boxed e-con e-parent\" data-id=\"c27b5d8\" data-element_type=\"container\" data-e-type=\"container\">\n\t\t\t\t\t<div class=\"e-con-inner\">\n\t\t\t\t<div class=\"elementor-element elementor-element-3f223f3 elementor-widget elementor-widget-heading\" data-id=\"3f223f3\" data-element_type=\"widget\" data-e-type=\"widget\" data-widget_type=\"heading.default\">\n\t\t\t\t\t<h2 class=\"elementor-heading-title elementor-size-default\">Recommended Guides<\/h2>\t\t\t\t<\/div>\n\t\t\t\t<div class=\"elementor-element elementor-element-ee04863 elementor-widget elementor-widget-shortcode\" data-id=\"ee04863\" data-element_type=\"widget\" data-e-type=\"widget\" data-widget_type=\"shortcode.default\">\n\t\t\t\t\t\t\t<div class=\"elementor-shortcode\"><div class=\"display-posts-listing ezd-grid-container\"><div class=\"listing-item\"><a class=\"title\" href=\"https:\/\/skills.visual-paradigm.com\/fr\/docs\/pmbok-essentials-for-beginners\/\">PMBOK Essentials for Beginners<\/a> <span class=\"excerpt\">If you're new to project management, the PMBOK Guide can feel overwhelming\u2014like a massive textbook full of processes, principles, and jargon. But here\u2019s the truth:\u2026 <span class=\"excerpt-more\"><\/span><\/span><\/div><\/div><\/div>\n\t\t\t\t\t\t<\/div>\n\t\t\t\t\t<\/div>\n\t\t\t\t<\/div>\n\t\t\t\t<\/div>\n\t\t","protected":false},"excerpt":{"rendered":"<p>Learn PMBOK (Project Management Body of Knowledge) The \u00ab\u00a0Gold Standard\u00a0\u00bb playbook that lists the best ways to manage any project. What is PMBOK Think of PMBOK as the \u00ab\u00a0Encyclopedia of Project Management.\u00a0\u00bb It\u2019s a massive collection of \u00ab\u00a0best practices\u00a0\u00bb gathered from experts all over the world. It doesn&rsquo;t tell you exactly what to do every [&hellip;]<\/p>\n","protected":false},"author":1,"featured_media":0,"parent":1972,"menu_order":0,"comment_status":"closed","ping_status":"closed","template":"elementor_header_footer","meta":{"_acf_changed":false,"inline_featured_image":false,"site-sidebar-layout":"no-sidebar","site-content-layout":"","ast-site-content-layout":"full-width-container","site-content-style":"default","site-sidebar-style":"default","ast-global-header-display":"","ast-banner-title-visibility":"","ast-main-header-display":"","ast-hfb-above-header-display":"","ast-hfb-below-header-display":"","ast-hfb-mobile-header-display":"","site-post-title":"","ast-breadcrumbs-content":"","ast-featured-img":"disabled","footer-sml-layout":"","ast-disable-related-posts":"","theme-transparent-header-meta":"default","adv-header-id-meta":"","stick-header-meta":"","header-above-stick-meta":"","header-main-stick-meta":"","header-below-stick-meta":"","astra-migrate-meta-layouts":"set","ast-page-background-enabled":"default","ast-page-background-meta":{"desktop":{"background-color":"var(--ast-global-color-5)","background-image":"","background-repeat":"repeat","background-position":"center center","background-size":"auto","background-attachment":"scroll","background-type":"","background-media":"","overlay-type":"","overlay-color":"","overlay-opacity":"","overlay-gradient":""},"tablet":{"background-color":"","background-image":"","background-repeat":"repeat","background-position":"center center","background-size":"auto","background-attachment":"scroll","background-type":"","background-media":"","overlay-type":"","overlay-color":"","overlay-opacity":"","overlay-gradient":""},"mobile":{"background-color":"","background-image":"","background-repeat":"repeat","background-position":"center center","background-size":"auto","background-attachment":"scroll","background-type":"","background-media":"","overlay-type":"","overlay-color":"","overlay-opacity":"","overlay-gradient":""}},"ast-content-background-meta":{"desktop":{"background-color":"var(--ast-global-color-4)","background-image":"","background-repeat":"repeat","background-position":"center center","background-size":"auto","background-attachment":"scroll","background-type":"","background-media":"","overlay-type":"","overlay-color":"","overlay-opacity":"","overlay-gradient":""},"tablet":{"background-color":"var(--ast-global-color-4)","background-image":"","background-repeat":"repeat","background-position":"center center","background-size":"auto","background-attachment":"scroll","background-type":"","background-media":"","overlay-type":"","overlay-color":"","overlay-opacity":"","overlay-gradient":""},"mobile":{"background-color":"var(--ast-global-color-4)","background-image":"","background-repeat":"repeat","background-position":"center center","background-size":"auto","background-attachment":"scroll","background-type":"","background-media":"","overlay-type":"","overlay-color":"","overlay-opacity":"","overlay-gradient":""}},"footnotes":""},"class_list":["post-1986","page","type-page","status-publish","hentry"],"acf":[],"yoast_head":"<!-- This site is optimized with the Yoast SEO plugin v27.2 - https:\/\/yoast.com\/product\/yoast-seo-wordpress\/ -->\n<title>PMBOK - Visual Paradigm Skills Fran\u00e7ais<\/title>\n<meta name=\"robots\" content=\"index, follow, max-snippet:-1, max-image-preview:large, max-video-preview:-1\" \/>\n<link rel=\"canonical\" href=\"https:\/\/skills.visual-paradigm.com\/fr\/project-management\/pmbok\/\" \/>\n<meta property=\"og:locale\" content=\"fr_FR\" \/>\n<meta property=\"og:type\" content=\"article\" \/>\n<meta property=\"og:title\" content=\"PMBOK - Visual Paradigm Skills Fran\u00e7ais\" \/>\n<meta property=\"og:description\" content=\"Learn PMBOK (Project Management Body of Knowledge) The \u00ab\u00a0Gold Standard\u00a0\u00bb playbook that lists the best ways to manage any project. What is PMBOK Think of PMBOK as the \u00ab\u00a0Encyclopedia of Project Management.\u00a0\u00bb It\u2019s a massive collection of \u00ab\u00a0best practices\u00a0\u00bb gathered from experts all over the world. It doesn&rsquo;t tell you exactly what to do every [&hellip;]\" \/>\n<meta property=\"og:url\" content=\"https:\/\/skills.visual-paradigm.com\/fr\/project-management\/pmbok\/\" \/>\n<meta property=\"og:site_name\" content=\"Visual Paradigm Skills Fran\u00e7ais\" \/>\n<meta property=\"article:modified_time\" content=\"2026-02-26T02:36:18+00:00\" \/>\n<meta name=\"twitter:card\" content=\"summary_large_image\" \/>\n<meta name=\"twitter:label1\" content=\"Dur\u00e9e de lecture estim\u00e9e\" \/>\n\t<meta name=\"twitter:data1\" content=\"1 minute\" \/>\n<script type=\"application\/ld+json\" class=\"yoast-schema-graph\">{\"@context\":\"https:\/\/schema.org\",\"@graph\":[{\"@type\":\"WebPage\",\"@id\":\"https:\/\/skills.visual-paradigm.com\/fr\/project-management\/pmbok\/\",\"url\":\"https:\/\/skills.visual-paradigm.com\/fr\/project-management\/pmbok\/\",\"name\":\"PMBOK - Visual Paradigm Skills Fran\u00e7ais\",\"isPartOf\":{\"@id\":\"https:\/\/skills.visual-paradigm.com\/fr\/#website\"},\"datePublished\":\"2026-02-26T02:15:35+00:00\",\"dateModified\":\"2026-02-26T02:36:18+00:00\",\"breadcrumb\":{\"@id\":\"https:\/\/skills.visual-paradigm.com\/fr\/project-management\/pmbok\/#breadcrumb\"},\"inLanguage\":\"fr-FR\",\"potentialAction\":[{\"@type\":\"ReadAction\",\"target\":[\"https:\/\/skills.visual-paradigm.com\/fr\/project-management\/pmbok\/\"]}]},{\"@type\":\"BreadcrumbList\",\"@id\":\"https:\/\/skills.visual-paradigm.com\/fr\/project-management\/pmbok\/#breadcrumb\",\"itemListElement\":[{\"@type\":\"ListItem\",\"position\":1,\"name\":\"Home\",\"item\":\"https:\/\/skills.visual-paradigm.com\/fr\/\"},{\"@type\":\"ListItem\",\"position\":2,\"name\":\"Project Management\",\"item\":\"https:\/\/skills.visual-paradigm.com\/fr\/project-management\/\"},{\"@type\":\"ListItem\",\"position\":3,\"name\":\"PMBOK\"}]},{\"@type\":\"WebSite\",\"@id\":\"https:\/\/skills.visual-paradigm.com\/fr\/#website\",\"url\":\"https:\/\/skills.visual-paradigm.com\/fr\/\",\"name\":\"Visual Paradigm Skills Fran\u00e7ais\",\"description\":\"\",\"publisher\":{\"@id\":\"https:\/\/skills.visual-paradigm.com\/fr\/#organization\"},\"potentialAction\":[{\"@type\":\"SearchAction\",\"target\":{\"@type\":\"EntryPoint\",\"urlTemplate\":\"https:\/\/skills.visual-paradigm.com\/fr\/?s={search_term_string}\"},\"query-input\":{\"@type\":\"PropertyValueSpecification\",\"valueRequired\":true,\"valueName\":\"search_term_string\"}}],\"inLanguage\":\"fr-FR\"},{\"@type\":\"Organization\",\"@id\":\"https:\/\/skills.visual-paradigm.com\/fr\/#organization\",\"name\":\"Visual Paradigm Skills Fran\u00e7ais\",\"url\":\"https:\/\/skills.visual-paradigm.com\/fr\/\",\"logo\":{\"@type\":\"ImageObject\",\"inLanguage\":\"fr-FR\",\"@id\":\"https:\/\/skills.visual-paradigm.com\/fr\/#\/schema\/logo\/image\/\",\"url\":\"https:\/\/skills.visual-paradigm.com\/fr\/wp-content\/uploads\/sites\/6\/2026\/02\/favicon.svg\",\"contentUrl\":\"https:\/\/skills.visual-paradigm.com\/fr\/wp-content\/uploads\/sites\/6\/2026\/02\/favicon.svg\",\"width\":70,\"height\":70,\"caption\":\"Visual Paradigm Skills Fran\u00e7ais\"},\"image\":{\"@id\":\"https:\/\/skills.visual-paradigm.com\/fr\/#\/schema\/logo\/image\/\"}}]}<\/script>\n<!-- \/ Yoast SEO plugin. -->","yoast_head_json":{"title":"PMBOK - Visual Paradigm Skills Fran\u00e7ais","robots":{"index":"index","follow":"follow","max-snippet":"max-snippet:-1","max-image-preview":"max-image-preview:large","max-video-preview":"max-video-preview:-1"},"canonical":"https:\/\/skills.visual-paradigm.com\/fr\/project-management\/pmbok\/","og_locale":"fr_FR","og_type":"article","og_title":"PMBOK - Visual Paradigm Skills Fran\u00e7ais","og_description":"Learn PMBOK (Project Management Body of Knowledge) The \u00ab\u00a0Gold Standard\u00a0\u00bb playbook that lists the best ways to manage any project. What is PMBOK Think of PMBOK as the \u00ab\u00a0Encyclopedia of Project Management.\u00a0\u00bb It\u2019s a massive collection of \u00ab\u00a0best practices\u00a0\u00bb gathered from experts all over the world. It doesn&rsquo;t tell you exactly what to do every [&hellip;]","og_url":"https:\/\/skills.visual-paradigm.com\/fr\/project-management\/pmbok\/","og_site_name":"Visual Paradigm Skills Fran\u00e7ais","article_modified_time":"2026-02-26T02:36:18+00:00","twitter_card":"summary_large_image","twitter_misc":{"Dur\u00e9e de lecture estim\u00e9e":"1 minute"},"schema":{"@context":"https:\/\/schema.org","@graph":[{"@type":"WebPage","@id":"https:\/\/skills.visual-paradigm.com\/fr\/project-management\/pmbok\/","url":"https:\/\/skills.visual-paradigm.com\/fr\/project-management\/pmbok\/","name":"PMBOK - Visual Paradigm Skills Fran\u00e7ais","isPartOf":{"@id":"https:\/\/skills.visual-paradigm.com\/fr\/#website"},"datePublished":"2026-02-26T02:15:35+00:00","dateModified":"2026-02-26T02:36:18+00:00","breadcrumb":{"@id":"https:\/\/skills.visual-paradigm.com\/fr\/project-management\/pmbok\/#breadcrumb"},"inLanguage":"fr-FR","potentialAction":[{"@type":"ReadAction","target":["https:\/\/skills.visual-paradigm.com\/fr\/project-management\/pmbok\/"]}]},{"@type":"BreadcrumbList","@id":"https:\/\/skills.visual-paradigm.com\/fr\/project-management\/pmbok\/#breadcrumb","itemListElement":[{"@type":"ListItem","position":1,"name":"Home","item":"https:\/\/skills.visual-paradigm.com\/fr\/"},{"@type":"ListItem","position":2,"name":"Project Management","item":"https:\/\/skills.visual-paradigm.com\/fr\/project-management\/"},{"@type":"ListItem","position":3,"name":"PMBOK"}]},{"@type":"WebSite","@id":"https:\/\/skills.visual-paradigm.com\/fr\/#website","url":"https:\/\/skills.visual-paradigm.com\/fr\/","name":"Visual Paradigm Skills Fran\u00e7ais","description":"","publisher":{"@id":"https:\/\/skills.visual-paradigm.com\/fr\/#organization"},"potentialAction":[{"@type":"SearchAction","target":{"@type":"EntryPoint","urlTemplate":"https:\/\/skills.visual-paradigm.com\/fr\/?s={search_term_string}"},"query-input":{"@type":"PropertyValueSpecification","valueRequired":true,"valueName":"search_term_string"}}],"inLanguage":"fr-FR"},{"@type":"Organization","@id":"https:\/\/skills.visual-paradigm.com\/fr\/#organization","name":"Visual Paradigm Skills Fran\u00e7ais","url":"https:\/\/skills.visual-paradigm.com\/fr\/","logo":{"@type":"ImageObject","inLanguage":"fr-FR","@id":"https:\/\/skills.visual-paradigm.com\/fr\/#\/schema\/logo\/image\/","url":"https:\/\/skills.visual-paradigm.com\/fr\/wp-content\/uploads\/sites\/6\/2026\/02\/favicon.svg","contentUrl":"https:\/\/skills.visual-paradigm.com\/fr\/wp-content\/uploads\/sites\/6\/2026\/02\/favicon.svg","width":70,"height":70,"caption":"Visual Paradigm Skills Fran\u00e7ais"},"image":{"@id":"https:\/\/skills.visual-paradigm.com\/fr\/#\/schema\/logo\/image\/"}}]}},"_links":{"self":[{"href":"https:\/\/skills.visual-paradigm.com\/fr\/wp-json\/wp\/v2\/pages\/1986","targetHints":{"allow":["GET"]}}],"collection":[{"href":"https:\/\/skills.visual-paradigm.com\/fr\/wp-json\/wp\/v2\/pages"}],"about":[{"href":"https:\/\/skills.visual-paradigm.com\/fr\/wp-json\/wp\/v2\/types\/page"}],"author":[{"embeddable":true,"href":"https:\/\/skills.visual-paradigm.com\/fr\/wp-json\/wp\/v2\/users\/1"}],"replies":[{"embeddable":true,"href":"https:\/\/skills.visual-paradigm.com\/fr\/wp-json\/wp\/v2\/comments?post=1986"}],"version-history":[{"count":5,"href":"https:\/\/skills.visual-paradigm.com\/fr\/wp-json\/wp\/v2\/pages\/1986\/revisions"}],"predecessor-version":[{"id":2031,"href":"https:\/\/skills.visual-paradigm.com\/fr\/wp-json\/wp\/v2\/pages\/1986\/revisions\/2031"}],"up":[{"embeddable":true,"href":"https:\/\/skills.visual-paradigm.com\/fr\/wp-json\/wp\/v2\/pages\/1972"}],"wp:attachment":[{"href":"https:\/\/skills.visual-paradigm.com\/fr\/wp-json\/wp\/v2\/media?parent=1986"}],"curies":[{"name":"wp","href":"https:\/\/api.w.org\/{rel}","templated":true}]}}