{"id":2035,"date":"2026-02-26T02:41:53","date_gmt":"2026-02-26T02:41:53","guid":{"rendered":"https:\/\/skills.visual-paradigm.com\/fr\/?page_id=2035"},"modified":"2026-02-26T02:46:58","modified_gmt":"2026-02-26T02:46:58","slug":"value-proposition-canvas","status":"publish","type":"page","link":"https:\/\/skills.visual-paradigm.com\/fr\/strategy-tools\/value-proposition-canvas\/","title":{"rendered":"Value Proposition Canvas"},"content":{"rendered":"\t\t<div data-elementor-type=\"wp-page\" data-elementor-id=\"2035\" class=\"elementor elementor-2035\">\n\t\t\t\t<div class=\"elementor-element elementor-element-378768f e-flex e-con-boxed e-con e-parent\" data-id=\"378768f\" data-element_type=\"container\" data-e-type=\"container\" data-settings=\"{&quot;background_background&quot;:&quot;classic&quot;}\">\n\t\t\t\t\t<div class=\"e-con-inner\">\n\t\t<div class=\"elementor-element elementor-element-bf161a5 e-con-full e-flex e-con e-child\" data-id=\"bf161a5\" data-element_type=\"container\" data-e-type=\"container\">\n\t\t\t\t<div class=\"elementor-element elementor-element-c2869c8 elementor-widget elementor-widget-heading\" data-id=\"c2869c8\" data-element_type=\"widget\" data-e-type=\"widget\" data-widget_type=\"heading.default\">\n\t\t\t\t\t<h2 class=\"elementor-heading-title elementor-size-default\">Learn Value Chain Analysis<\/h2>\t\t\t\t<\/div>\n\t\t\t\t<div class=\"elementor-element elementor-element-52ac105 elementor-widget elementor-widget-text-editor\" data-id=\"52ac105\" data-element_type=\"widget\" data-e-type=\"widget\" data-widget_type=\"text-editor.default\">\n\t\t\t\t\t\t\t\t\t<p>A step-by-step look at how you turn raw materials into something customers love.<\/p>\t\t\t\t\t\t\t\t<\/div>\n\t\t\t\t<\/div>\n\t\t\t\t\t<\/div>\n\t\t\t\t<\/div>\n\t\t<div class=\"elementor-element elementor-element-a8ec011 e-flex e-con-boxed e-con e-parent\" data-id=\"a8ec011\" data-element_type=\"container\" data-e-type=\"container\" data-settings=\"{&quot;background_background&quot;:&quot;classic&quot;}\">\n\t\t\t\t\t<div class=\"e-con-inner\">\n\t\t\t\t<div class=\"elementor-element elementor-element-886b3fe elementor-widget elementor-widget-heading\" data-id=\"886b3fe\" data-element_type=\"widget\" data-e-type=\"widget\" data-widget_type=\"heading.default\">\n\t\t\t\t\t<h2 class=\"elementor-heading-title elementor-size-default\">What is Value Chain Analysis<\/h2>\t\t\t\t<\/div>\n\t\t\t\t<div class=\"elementor-element elementor-element-732413d elementor-widget__width-initial elementor-widget elementor-widget-text-editor\" data-id=\"732413d\" data-element_type=\"widget\" data-e-type=\"widget\" data-widget_type=\"text-editor.default\">\n\t\t\t\t\t\t\t\t\t<p>Imagine a <b data-path-to-node=\"27\" data-index-in-node=\"10\">\u00ab\u00a0Bakery Assembly Line.\u00a0\u00bb<\/b> The Value Chain looks at every step\u2014from buying the flour to icing the cake to delivering it to the customer. Each step is a chance to add \u00ab\u00a0Value\u00a0\u00bb (make the cake better) or save money. By analyzing the chain, you can find the specific \u00ab\u00a0link\u00a0\u00bb that makes your business special and better than the shop next door.<\/p>\t\t\t\t\t\t\t\t<\/div>\n\t\t\t\t\t<\/div>\n\t\t\t\t<\/div>\n\t\t<div class=\"elementor-element elementor-element-c27b5d8 e-flex e-con-boxed e-con e-parent\" data-id=\"c27b5d8\" data-element_type=\"container\" data-e-type=\"container\">\n\t\t\t\t\t<div class=\"e-con-inner\">\n\t\t\t\t<div class=\"elementor-element elementor-element-3f223f3 elementor-widget elementor-widget-heading\" data-id=\"3f223f3\" data-element_type=\"widget\" data-e-type=\"widget\" data-widget_type=\"heading.default\">\n\t\t\t\t\t<h2 class=\"elementor-heading-title elementor-size-default\">Recommended Guides<\/h2>\t\t\t\t<\/div>\n\t\t\t\t<div class=\"elementor-element elementor-element-ee04863 elementor-widget elementor-widget-shortcode\" data-id=\"ee04863\" data-element_type=\"widget\" data-e-type=\"widget\" data-widget_type=\"shortcode.default\">\n\t\t\t\t\t\t\t<div class=\"elementor-shortcode\"><\/div>\n\t\t\t\t\t\t<\/div>\n\t\t\t\t\t<\/div>\n\t\t\t\t<\/div>\n\t\t\t\t<\/div>\n\t\t","protected":false},"excerpt":{"rendered":"<p>Learn Value Chain Analysis A step-by-step look at how you turn raw materials into something customers love. What is Value Chain Analysis Imagine a \u00ab\u00a0Bakery Assembly Line.\u00a0\u00bb The Value Chain looks at every step\u2014from buying the flour to icing the cake to delivering it to the customer. Each step is a chance to add \u00ab\u00a0Value\u00a0\u00bb [&hellip;]<\/p>\n","protected":false},"author":1,"featured_media":0,"parent":2015,"menu_order":0,"comment_status":"closed","ping_status":"closed","template":"elementor_header_footer","meta":{"_acf_changed":false,"inline_featured_image":false,"site-sidebar-layout":"no-sidebar","site-content-layout":"","ast-site-content-layout":"full-width-container","site-content-style":"default","site-sidebar-style":"default","ast-global-header-display":"","ast-banner-title-visibility":"","ast-main-header-display":"","ast-hfb-above-header-display":"","ast-hfb-below-header-display":"","ast-hfb-mobile-header-display":"","site-post-title":"","ast-breadcrumbs-content":"","ast-featured-img":"disabled","footer-sml-layout":"","ast-disable-related-posts":"","theme-transparent-header-meta":"default","adv-header-id-meta":"","stick-header-meta":"","header-above-stick-meta":"","header-main-stick-meta":"","header-below-stick-meta":"","astra-migrate-meta-layouts":"set","ast-page-background-enabled":"default","ast-page-background-meta":{"desktop":{"background-color":"var(--ast-global-color-5)","background-image":"","background-repeat":"repeat","background-position":"center center","background-size":"auto","background-attachment":"scroll","background-type":"","background-media":"","overlay-type":"","overlay-color":"","overlay-opacity":"","overlay-gradient":""},"tablet":{"background-color":"","background-image":"","background-repeat":"repeat","background-position":"center center","background-size":"auto","background-attachment":"scroll","background-type":"","background-media":"","overlay-type":"","overlay-color":"","overlay-opacity":"","overlay-gradient":""},"mobile":{"background-color":"","background-image":"","background-repeat":"repeat","background-position":"center center","background-size":"auto","background-attachment":"scroll","background-type":"","background-media":"","overlay-type":"","overlay-color":"","overlay-opacity":"","overlay-gradient":""}},"ast-content-background-meta":{"desktop":{"background-color":"var(--ast-global-color-4)","background-image":"","background-repeat":"repeat","background-position":"center center","background-size":"auto","background-attachment":"scroll","background-type":"","background-media":"","overlay-type":"","overlay-color":"","overlay-opacity":"","overlay-gradient":""},"tablet":{"background-color":"var(--ast-global-color-4)","background-image":"","background-repeat":"repeat","background-position":"center center","background-size":"auto","background-attachment":"scroll","background-type":"","background-media":"","overlay-type":"","overlay-color":"","overlay-opacity":"","overlay-gradient":""},"mobile":{"background-color":"var(--ast-global-color-4)","background-image":"","background-repeat":"repeat","background-position":"center center","background-size":"auto","background-attachment":"scroll","background-type":"","background-media":"","overlay-type":"","overlay-color":"","overlay-opacity":"","overlay-gradient":""}},"footnotes":""},"class_list":["post-2035","page","type-page","status-publish","hentry"],"acf":[],"yoast_head":"<!-- This site is optimized with the Yoast SEO plugin v27.2 - https:\/\/yoast.com\/product\/yoast-seo-wordpress\/ -->\n<title>Value Proposition Canvas - Visual Paradigm Skills Fran\u00e7ais<\/title>\n<meta name=\"robots\" content=\"index, follow, max-snippet:-1, max-image-preview:large, max-video-preview:-1\" \/>\n<link rel=\"canonical\" href=\"https:\/\/skills.visual-paradigm.com\/fr\/strategy-tools\/value-proposition-canvas\/\" \/>\n<meta property=\"og:locale\" content=\"fr_FR\" \/>\n<meta property=\"og:type\" content=\"article\" \/>\n<meta property=\"og:title\" content=\"Value Proposition Canvas - Visual Paradigm Skills Fran\u00e7ais\" \/>\n<meta property=\"og:description\" content=\"Learn Value Chain Analysis A step-by-step look at how you turn raw materials into something customers love. What is Value Chain Analysis Imagine a \u00ab\u00a0Bakery Assembly Line.\u00a0\u00bb The Value Chain looks at every step\u2014from buying the flour to icing the cake to delivering it to the customer. Each step is a chance to add \u00ab\u00a0Value\u00a0\u00bb [&hellip;]\" \/>\n<meta property=\"og:url\" content=\"https:\/\/skills.visual-paradigm.com\/fr\/strategy-tools\/value-proposition-canvas\/\" \/>\n<meta property=\"og:site_name\" content=\"Visual Paradigm Skills Fran\u00e7ais\" \/>\n<meta property=\"article:modified_time\" content=\"2026-02-26T02:46:58+00:00\" \/>\n<meta name=\"twitter:card\" content=\"summary_large_image\" \/>\n<meta name=\"twitter:label1\" content=\"Dur\u00e9e de lecture estim\u00e9e\" \/>\n\t<meta name=\"twitter:data1\" content=\"1 minute\" \/>\n<script type=\"application\/ld+json\" class=\"yoast-schema-graph\">{\"@context\":\"https:\/\/schema.org\",\"@graph\":[{\"@type\":\"WebPage\",\"@id\":\"https:\/\/skills.visual-paradigm.com\/fr\/strategy-tools\/value-proposition-canvas\/\",\"url\":\"https:\/\/skills.visual-paradigm.com\/fr\/strategy-tools\/value-proposition-canvas\/\",\"name\":\"Value Proposition Canvas - Visual Paradigm Skills Fran\u00e7ais\",\"isPartOf\":{\"@id\":\"https:\/\/skills.visual-paradigm.com\/fr\/#website\"},\"datePublished\":\"2026-02-26T02:41:53+00:00\",\"dateModified\":\"2026-02-26T02:46:58+00:00\",\"breadcrumb\":{\"@id\":\"https:\/\/skills.visual-paradigm.com\/fr\/strategy-tools\/value-proposition-canvas\/#breadcrumb\"},\"inLanguage\":\"fr-FR\",\"potentialAction\":[{\"@type\":\"ReadAction\",\"target\":[\"https:\/\/skills.visual-paradigm.com\/fr\/strategy-tools\/value-proposition-canvas\/\"]}]},{\"@type\":\"BreadcrumbList\",\"@id\":\"https:\/\/skills.visual-paradigm.com\/fr\/strategy-tools\/value-proposition-canvas\/#breadcrumb\",\"itemListElement\":[{\"@type\":\"ListItem\",\"position\":1,\"name\":\"Home\",\"item\":\"https:\/\/skills.visual-paradigm.com\/fr\/\"},{\"@type\":\"ListItem\",\"position\":2,\"name\":\"Strategy Tools\",\"item\":\"https:\/\/skills.visual-paradigm.com\/fr\/strategy-tools\/\"},{\"@type\":\"ListItem\",\"position\":3,\"name\":\"Value Proposition Canvas\"}]},{\"@type\":\"WebSite\",\"@id\":\"https:\/\/skills.visual-paradigm.com\/fr\/#website\",\"url\":\"https:\/\/skills.visual-paradigm.com\/fr\/\",\"name\":\"Visual Paradigm Skills Fran\u00e7ais\",\"description\":\"\",\"publisher\":{\"@id\":\"https:\/\/skills.visual-paradigm.com\/fr\/#organization\"},\"potentialAction\":[{\"@type\":\"SearchAction\",\"target\":{\"@type\":\"EntryPoint\",\"urlTemplate\":\"https:\/\/skills.visual-paradigm.com\/fr\/?s={search_term_string}\"},\"query-input\":{\"@type\":\"PropertyValueSpecification\",\"valueRequired\":true,\"valueName\":\"search_term_string\"}}],\"inLanguage\":\"fr-FR\"},{\"@type\":\"Organization\",\"@id\":\"https:\/\/skills.visual-paradigm.com\/fr\/#organization\",\"name\":\"Visual Paradigm Skills Fran\u00e7ais\",\"url\":\"https:\/\/skills.visual-paradigm.com\/fr\/\",\"logo\":{\"@type\":\"ImageObject\",\"inLanguage\":\"fr-FR\",\"@id\":\"https:\/\/skills.visual-paradigm.com\/fr\/#\/schema\/logo\/image\/\",\"url\":\"https:\/\/skills.visual-paradigm.com\/fr\/wp-content\/uploads\/sites\/6\/2026\/02\/favicon.svg\",\"contentUrl\":\"https:\/\/skills.visual-paradigm.com\/fr\/wp-content\/uploads\/sites\/6\/2026\/02\/favicon.svg\",\"width\":70,\"height\":70,\"caption\":\"Visual Paradigm Skills Fran\u00e7ais\"},\"image\":{\"@id\":\"https:\/\/skills.visual-paradigm.com\/fr\/#\/schema\/logo\/image\/\"}}]}<\/script>\n<!-- \/ Yoast SEO plugin. -->","yoast_head_json":{"title":"Value Proposition Canvas - Visual Paradigm Skills Fran\u00e7ais","robots":{"index":"index","follow":"follow","max-snippet":"max-snippet:-1","max-image-preview":"max-image-preview:large","max-video-preview":"max-video-preview:-1"},"canonical":"https:\/\/skills.visual-paradigm.com\/fr\/strategy-tools\/value-proposition-canvas\/","og_locale":"fr_FR","og_type":"article","og_title":"Value Proposition Canvas - Visual Paradigm Skills Fran\u00e7ais","og_description":"Learn Value Chain Analysis A step-by-step look at how you turn raw materials into something customers love. What is Value Chain Analysis Imagine a \u00ab\u00a0Bakery Assembly Line.\u00a0\u00bb The Value Chain looks at every step\u2014from buying the flour to icing the cake to delivering it to the customer. Each step is a chance to add \u00ab\u00a0Value\u00a0\u00bb [&hellip;]","og_url":"https:\/\/skills.visual-paradigm.com\/fr\/strategy-tools\/value-proposition-canvas\/","og_site_name":"Visual Paradigm Skills Fran\u00e7ais","article_modified_time":"2026-02-26T02:46:58+00:00","twitter_card":"summary_large_image","twitter_misc":{"Dur\u00e9e de lecture estim\u00e9e":"1 minute"},"schema":{"@context":"https:\/\/schema.org","@graph":[{"@type":"WebPage","@id":"https:\/\/skills.visual-paradigm.com\/fr\/strategy-tools\/value-proposition-canvas\/","url":"https:\/\/skills.visual-paradigm.com\/fr\/strategy-tools\/value-proposition-canvas\/","name":"Value Proposition Canvas - Visual Paradigm Skills Fran\u00e7ais","isPartOf":{"@id":"https:\/\/skills.visual-paradigm.com\/fr\/#website"},"datePublished":"2026-02-26T02:41:53+00:00","dateModified":"2026-02-26T02:46:58+00:00","breadcrumb":{"@id":"https:\/\/skills.visual-paradigm.com\/fr\/strategy-tools\/value-proposition-canvas\/#breadcrumb"},"inLanguage":"fr-FR","potentialAction":[{"@type":"ReadAction","target":["https:\/\/skills.visual-paradigm.com\/fr\/strategy-tools\/value-proposition-canvas\/"]}]},{"@type":"BreadcrumbList","@id":"https:\/\/skills.visual-paradigm.com\/fr\/strategy-tools\/value-proposition-canvas\/#breadcrumb","itemListElement":[{"@type":"ListItem","position":1,"name":"Home","item":"https:\/\/skills.visual-paradigm.com\/fr\/"},{"@type":"ListItem","position":2,"name":"Strategy Tools","item":"https:\/\/skills.visual-paradigm.com\/fr\/strategy-tools\/"},{"@type":"ListItem","position":3,"name":"Value Proposition Canvas"}]},{"@type":"WebSite","@id":"https:\/\/skills.visual-paradigm.com\/fr\/#website","url":"https:\/\/skills.visual-paradigm.com\/fr\/","name":"Visual Paradigm Skills Fran\u00e7ais","description":"","publisher":{"@id":"https:\/\/skills.visual-paradigm.com\/fr\/#organization"},"potentialAction":[{"@type":"SearchAction","target":{"@type":"EntryPoint","urlTemplate":"https:\/\/skills.visual-paradigm.com\/fr\/?s={search_term_string}"},"query-input":{"@type":"PropertyValueSpecification","valueRequired":true,"valueName":"search_term_string"}}],"inLanguage":"fr-FR"},{"@type":"Organization","@id":"https:\/\/skills.visual-paradigm.com\/fr\/#organization","name":"Visual Paradigm Skills Fran\u00e7ais","url":"https:\/\/skills.visual-paradigm.com\/fr\/","logo":{"@type":"ImageObject","inLanguage":"fr-FR","@id":"https:\/\/skills.visual-paradigm.com\/fr\/#\/schema\/logo\/image\/","url":"https:\/\/skills.visual-paradigm.com\/fr\/wp-content\/uploads\/sites\/6\/2026\/02\/favicon.svg","contentUrl":"https:\/\/skills.visual-paradigm.com\/fr\/wp-content\/uploads\/sites\/6\/2026\/02\/favicon.svg","width":70,"height":70,"caption":"Visual Paradigm Skills Fran\u00e7ais"},"image":{"@id":"https:\/\/skills.visual-paradigm.com\/fr\/#\/schema\/logo\/image\/"}}]}},"_links":{"self":[{"href":"https:\/\/skills.visual-paradigm.com\/fr\/wp-json\/wp\/v2\/pages\/2035","targetHints":{"allow":["GET"]}}],"collection":[{"href":"https:\/\/skills.visual-paradigm.com\/fr\/wp-json\/wp\/v2\/pages"}],"about":[{"href":"https:\/\/skills.visual-paradigm.com\/fr\/wp-json\/wp\/v2\/types\/page"}],"author":[{"embeddable":true,"href":"https:\/\/skills.visual-paradigm.com\/fr\/wp-json\/wp\/v2\/users\/1"}],"replies":[{"embeddable":true,"href":"https:\/\/skills.visual-paradigm.com\/fr\/wp-json\/wp\/v2\/comments?post=2035"}],"version-history":[{"count":5,"href":"https:\/\/skills.visual-paradigm.com\/fr\/wp-json\/wp\/v2\/pages\/2035\/revisions"}],"predecessor-version":[{"id":2066,"href":"https:\/\/skills.visual-paradigm.com\/fr\/wp-json\/wp\/v2\/pages\/2035\/revisions\/2066"}],"up":[{"embeddable":true,"href":"https:\/\/skills.visual-paradigm.com\/fr\/wp-json\/wp\/v2\/pages\/2015"}],"wp:attachment":[{"href":"https:\/\/skills.visual-paradigm.com\/fr\/wp-json\/wp\/v2\/media?parent=2035"}],"curies":[{"name":"wp","href":"https:\/\/api.w.org\/{rel}","templated":true}]}}