{"id":2106,"date":"2026-02-26T03:00:06","date_gmt":"2026-02-26T03:00:06","guid":{"rendered":"https:\/\/skills.visual-paradigm.com\/fr\/?page_id=2106"},"modified":"2026-02-26T03:11:33","modified_gmt":"2026-02-26T03:11:33","slug":"kanban","status":"publish","type":"page","link":"https:\/\/skills.visual-paradigm.com\/fr\/agile-practices\/kanban\/","title":{"rendered":"Kanban"},"content":{"rendered":"\t\t<div data-elementor-type=\"wp-page\" data-elementor-id=\"2106\" class=\"elementor elementor-2106\">\n\t\t\t\t<div class=\"elementor-element elementor-element-378768f e-flex e-con-boxed e-con e-parent\" data-id=\"378768f\" data-element_type=\"container\" data-e-type=\"container\" data-settings=\"{&quot;background_background&quot;:&quot;classic&quot;}\">\n\t\t\t\t\t<div class=\"e-con-inner\">\n\t\t<div class=\"elementor-element elementor-element-bf161a5 e-con-full e-flex e-con e-child\" data-id=\"bf161a5\" data-element_type=\"container\" data-e-type=\"container\">\n\t\t\t\t<div class=\"elementor-element elementor-element-c2869c8 elementor-widget elementor-widget-heading\" data-id=\"c2869c8\" data-element_type=\"widget\" data-e-type=\"widget\" data-widget_type=\"heading.default\">\n\t\t\t\t\t<h2 class=\"elementor-heading-title elementor-size-default\">Learn Kanban<\/h2>\t\t\t\t<\/div>\n\t\t\t\t<div class=\"elementor-element elementor-element-52ac105 elementor-widget elementor-widget-text-editor\" data-id=\"52ac105\" data-element_type=\"widget\" data-e-type=\"widget\" data-widget_type=\"text-editor.default\">\n\t\t\t\t\t\t\t\t\t<p>A visual board that helps you see exactly where every task is\u2014from \u00ab\u00a0To Do\u00a0\u00bb to \u00ab\u00a0Done.\u00a0\u00bb<\/p>\t\t\t\t\t\t\t\t<\/div>\n\t\t\t\t<\/div>\n\t\t\t\t\t<\/div>\n\t\t\t\t<\/div>\n\t\t<div class=\"elementor-element elementor-element-a8ec011 e-flex e-con-boxed e-con e-parent\" data-id=\"a8ec011\" data-element_type=\"container\" data-e-type=\"container\" data-settings=\"{&quot;background_background&quot;:&quot;classic&quot;}\">\n\t\t\t\t\t<div class=\"e-con-inner\">\n\t\t\t\t<div class=\"elementor-element elementor-element-886b3fe elementor-widget elementor-widget-heading\" data-id=\"886b3fe\" data-element_type=\"widget\" data-e-type=\"widget\" data-widget_type=\"heading.default\">\n\t\t\t\t\t<h2 class=\"elementor-heading-title elementor-size-default\">What is Kanban<\/h2>\t\t\t\t<\/div>\n\t\t\t\t<div class=\"elementor-element elementor-element-732413d elementor-widget__width-initial elementor-widget elementor-widget-text-editor\" data-id=\"732413d\" data-element_type=\"widget\" data-e-type=\"widget\" data-widget_type=\"text-editor.default\">\n\t\t\t\t\t\t\t\t\t<p data-path-to-node=\"10\">Kanban is like a <b data-path-to-node=\"10\" data-index-in-node=\"17\">\u00ab\u00a0Digital Sticky-Note Board.\u00a0\u00bb<\/b> Imagine a wall with three columns: <b data-path-to-node=\"10\" data-index-in-node=\"81\">To-Do<\/b>, <b data-path-to-node=\"10\" data-index-in-node=\"88\">Doing<\/b>, and <b data-path-to-node=\"10\" data-index-in-node=\"99\">Done<\/b>. Every task is a sticky note that moves from left to right as you work on it. The main goal of Kanban is to \u00ab\u00a0stop starting and start finishing.\u00a0\u00bb It helps you see if you have too many things in the \u00ab\u00a0Doing\u00a0\u00bb column so you can focus on clearing them out before taking on new work. It\u2019s the ultimate tool for keeping a steady, smooth flow of progress.<\/p>\t\t\t\t\t\t\t\t<\/div>\n\t\t\t\t\t<\/div>\n\t\t\t\t<\/div>\n\t\t<div class=\"elementor-element elementor-element-c27b5d8 e-flex e-con-boxed e-con e-parent\" data-id=\"c27b5d8\" data-element_type=\"container\" data-e-type=\"container\">\n\t\t\t\t\t<div class=\"e-con-inner\">\n\t\t\t\t<div class=\"elementor-element elementor-element-3f223f3 elementor-widget elementor-widget-heading\" data-id=\"3f223f3\" data-element_type=\"widget\" data-e-type=\"widget\" data-widget_type=\"heading.default\">\n\t\t\t\t\t<h2 class=\"elementor-heading-title elementor-size-default\">Recommended Guides<\/h2>\t\t\t\t<\/div>\n\t\t\t\t<div class=\"elementor-element elementor-element-ee04863 elementor-widget elementor-widget-shortcode\" data-id=\"ee04863\" data-element_type=\"widget\" data-e-type=\"widget\" data-widget_type=\"shortcode.default\">\n\t\t\t\t\t\t\t<div class=\"elementor-shortcode\"><\/div>\n\t\t\t\t\t\t<\/div>\n\t\t\t\t\t<\/div>\n\t\t\t\t<\/div>\n\t\t\t\t<\/div>\n\t\t","protected":false},"excerpt":{"rendered":"<p>Learn Kanban A visual board that helps you see exactly where every task is\u2014from \u00ab\u00a0To Do\u00a0\u00bb to \u00ab\u00a0Done.\u00a0\u00bb What is Kanban Kanban is like a \u00ab\u00a0Digital Sticky-Note Board.\u00a0\u00bb Imagine a wall with three columns: To-Do, Doing, and Done. Every task is a sticky note that moves from left to right as you work on it. [&hellip;]<\/p>\n","protected":false},"author":1,"featured_media":0,"parent":2086,"menu_order":0,"comment_status":"closed","ping_status":"closed","template":"elementor_header_footer","meta":{"_acf_changed":false,"inline_featured_image":false,"site-sidebar-layout":"no-sidebar","site-content-layout":"","ast-site-content-layout":"full-width-container","site-content-style":"default","site-sidebar-style":"default","ast-global-header-display":"","ast-banner-title-visibility":"","ast-main-header-display":"","ast-hfb-above-header-display":"","ast-hfb-below-header-display":"","ast-hfb-mobile-header-display":"","site-post-title":"","ast-breadcrumbs-content":"","ast-featured-img":"disabled","footer-sml-layout":"","ast-disable-related-posts":"","theme-transparent-header-meta":"default","adv-header-id-meta":"","stick-header-meta":"","header-above-stick-meta":"","header-main-stick-meta":"","header-below-stick-meta":"","astra-migrate-meta-layouts":"set","ast-page-background-enabled":"default","ast-page-background-meta":{"desktop":{"background-color":"var(--ast-global-color-5)","background-image":"","background-repeat":"repeat","background-position":"center center","background-size":"auto","background-attachment":"scroll","background-type":"","background-media":"","overlay-type":"","overlay-color":"","overlay-opacity":"","overlay-gradient":""},"tablet":{"background-color":"","background-image":"","background-repeat":"repeat","background-position":"center center","background-size":"auto","background-attachment":"scroll","background-type":"","background-media":"","overlay-type":"","overlay-color":"","overlay-opacity":"","overlay-gradient":""},"mobile":{"background-color":"","background-image":"","background-repeat":"repeat","background-position":"center center","background-size":"auto","background-attachment":"scroll","background-type":"","background-media":"","overlay-type":"","overlay-color":"","overlay-opacity":"","overlay-gradient":""}},"ast-content-background-meta":{"desktop":{"background-color":"var(--ast-global-color-4)","background-image":"","background-repeat":"repeat","background-position":"center center","background-size":"auto","background-attachment":"scroll","background-type":"","background-media":"","overlay-type":"","overlay-color":"","overlay-opacity":"","overlay-gradient":""},"tablet":{"background-color":"var(--ast-global-color-4)","background-image":"","background-repeat":"repeat","background-position":"center center","background-size":"auto","background-attachment":"scroll","background-type":"","background-media":"","overlay-type":"","overlay-color":"","overlay-opacity":"","overlay-gradient":""},"mobile":{"background-color":"var(--ast-global-color-4)","background-image":"","background-repeat":"repeat","background-position":"center center","background-size":"auto","background-attachment":"scroll","background-type":"","background-media":"","overlay-type":"","overlay-color":"","overlay-opacity":"","overlay-gradient":""}},"footnotes":""},"class_list":["post-2106","page","type-page","status-publish","hentry"],"acf":[],"yoast_head":"<!-- This site is optimized with the Yoast SEO plugin v27.2 - https:\/\/yoast.com\/product\/yoast-seo-wordpress\/ -->\n<title>Kanban - Visual Paradigm Skills Fran\u00e7ais<\/title>\n<meta name=\"robots\" content=\"index, follow, max-snippet:-1, max-image-preview:large, max-video-preview:-1\" \/>\n<link rel=\"canonical\" href=\"https:\/\/skills.visual-paradigm.com\/fr\/agile-practices\/kanban\/\" \/>\n<meta property=\"og:locale\" content=\"fr_FR\" \/>\n<meta property=\"og:type\" content=\"article\" \/>\n<meta property=\"og:title\" content=\"Kanban - Visual Paradigm Skills Fran\u00e7ais\" \/>\n<meta property=\"og:description\" content=\"Learn Kanban A visual board that helps you see exactly where every task is\u2014from \u00ab\u00a0To Do\u00a0\u00bb to \u00ab\u00a0Done.\u00a0\u00bb What is Kanban Kanban is like a \u00ab\u00a0Digital Sticky-Note Board.\u00a0\u00bb Imagine a wall with three columns: To-Do, Doing, and Done. Every task is a sticky note that moves from left to right as you work on it. [&hellip;]\" \/>\n<meta property=\"og:url\" content=\"https:\/\/skills.visual-paradigm.com\/fr\/agile-practices\/kanban\/\" \/>\n<meta property=\"og:site_name\" content=\"Visual Paradigm Skills Fran\u00e7ais\" \/>\n<meta property=\"article:modified_time\" content=\"2026-02-26T03:11:33+00:00\" \/>\n<meta name=\"twitter:card\" content=\"summary_large_image\" \/>\n<meta name=\"twitter:label1\" content=\"Dur\u00e9e de lecture estim\u00e9e\" \/>\n\t<meta name=\"twitter:data1\" content=\"1 minute\" \/>\n<script type=\"application\/ld+json\" class=\"yoast-schema-graph\">{\"@context\":\"https:\/\/schema.org\",\"@graph\":[{\"@type\":\"WebPage\",\"@id\":\"https:\/\/skills.visual-paradigm.com\/fr\/agile-practices\/kanban\/\",\"url\":\"https:\/\/skills.visual-paradigm.com\/fr\/agile-practices\/kanban\/\",\"name\":\"Kanban - Visual Paradigm Skills Fran\u00e7ais\",\"isPartOf\":{\"@id\":\"https:\/\/skills.visual-paradigm.com\/fr\/#website\"},\"datePublished\":\"2026-02-26T03:00:06+00:00\",\"dateModified\":\"2026-02-26T03:11:33+00:00\",\"breadcrumb\":{\"@id\":\"https:\/\/skills.visual-paradigm.com\/fr\/agile-practices\/kanban\/#breadcrumb\"},\"inLanguage\":\"fr-FR\",\"potentialAction\":[{\"@type\":\"ReadAction\",\"target\":[\"https:\/\/skills.visual-paradigm.com\/fr\/agile-practices\/kanban\/\"]}]},{\"@type\":\"BreadcrumbList\",\"@id\":\"https:\/\/skills.visual-paradigm.com\/fr\/agile-practices\/kanban\/#breadcrumb\",\"itemListElement\":[{\"@type\":\"ListItem\",\"position\":1,\"name\":\"Home\",\"item\":\"https:\/\/skills.visual-paradigm.com\/fr\/\"},{\"@type\":\"ListItem\",\"position\":2,\"name\":\"Agile Practices\",\"item\":\"https:\/\/skills.visual-paradigm.com\/fr\/agile-practices\/\"},{\"@type\":\"ListItem\",\"position\":3,\"name\":\"Kanban\"}]},{\"@type\":\"WebSite\",\"@id\":\"https:\/\/skills.visual-paradigm.com\/fr\/#website\",\"url\":\"https:\/\/skills.visual-paradigm.com\/fr\/\",\"name\":\"Visual Paradigm Skills Fran\u00e7ais\",\"description\":\"\",\"publisher\":{\"@id\":\"https:\/\/skills.visual-paradigm.com\/fr\/#organization\"},\"potentialAction\":[{\"@type\":\"SearchAction\",\"target\":{\"@type\":\"EntryPoint\",\"urlTemplate\":\"https:\/\/skills.visual-paradigm.com\/fr\/?s={search_term_string}\"},\"query-input\":{\"@type\":\"PropertyValueSpecification\",\"valueRequired\":true,\"valueName\":\"search_term_string\"}}],\"inLanguage\":\"fr-FR\"},{\"@type\":\"Organization\",\"@id\":\"https:\/\/skills.visual-paradigm.com\/fr\/#organization\",\"name\":\"Visual Paradigm Skills Fran\u00e7ais\",\"url\":\"https:\/\/skills.visual-paradigm.com\/fr\/\",\"logo\":{\"@type\":\"ImageObject\",\"inLanguage\":\"fr-FR\",\"@id\":\"https:\/\/skills.visual-paradigm.com\/fr\/#\/schema\/logo\/image\/\",\"url\":\"https:\/\/skills.visual-paradigm.com\/fr\/wp-content\/uploads\/sites\/6\/2026\/02\/favicon.svg\",\"contentUrl\":\"https:\/\/skills.visual-paradigm.com\/fr\/wp-content\/uploads\/sites\/6\/2026\/02\/favicon.svg\",\"width\":70,\"height\":70,\"caption\":\"Visual Paradigm Skills Fran\u00e7ais\"},\"image\":{\"@id\":\"https:\/\/skills.visual-paradigm.com\/fr\/#\/schema\/logo\/image\/\"}}]}<\/script>\n<!-- \/ Yoast SEO plugin. -->","yoast_head_json":{"title":"Kanban - Visual Paradigm Skills Fran\u00e7ais","robots":{"index":"index","follow":"follow","max-snippet":"max-snippet:-1","max-image-preview":"max-image-preview:large","max-video-preview":"max-video-preview:-1"},"canonical":"https:\/\/skills.visual-paradigm.com\/fr\/agile-practices\/kanban\/","og_locale":"fr_FR","og_type":"article","og_title":"Kanban - Visual Paradigm Skills Fran\u00e7ais","og_description":"Learn Kanban A visual board that helps you see exactly where every task is\u2014from \u00ab\u00a0To Do\u00a0\u00bb to \u00ab\u00a0Done.\u00a0\u00bb What is Kanban Kanban is like a \u00ab\u00a0Digital Sticky-Note Board.\u00a0\u00bb Imagine a wall with three columns: To-Do, Doing, and Done. Every task is a sticky note that moves from left to right as you work on it. [&hellip;]","og_url":"https:\/\/skills.visual-paradigm.com\/fr\/agile-practices\/kanban\/","og_site_name":"Visual Paradigm Skills Fran\u00e7ais","article_modified_time":"2026-02-26T03:11:33+00:00","twitter_card":"summary_large_image","twitter_misc":{"Dur\u00e9e de lecture estim\u00e9e":"1 minute"},"schema":{"@context":"https:\/\/schema.org","@graph":[{"@type":"WebPage","@id":"https:\/\/skills.visual-paradigm.com\/fr\/agile-practices\/kanban\/","url":"https:\/\/skills.visual-paradigm.com\/fr\/agile-practices\/kanban\/","name":"Kanban - Visual Paradigm Skills Fran\u00e7ais","isPartOf":{"@id":"https:\/\/skills.visual-paradigm.com\/fr\/#website"},"datePublished":"2026-02-26T03:00:06+00:00","dateModified":"2026-02-26T03:11:33+00:00","breadcrumb":{"@id":"https:\/\/skills.visual-paradigm.com\/fr\/agile-practices\/kanban\/#breadcrumb"},"inLanguage":"fr-FR","potentialAction":[{"@type":"ReadAction","target":["https:\/\/skills.visual-paradigm.com\/fr\/agile-practices\/kanban\/"]}]},{"@type":"BreadcrumbList","@id":"https:\/\/skills.visual-paradigm.com\/fr\/agile-practices\/kanban\/#breadcrumb","itemListElement":[{"@type":"ListItem","position":1,"name":"Home","item":"https:\/\/skills.visual-paradigm.com\/fr\/"},{"@type":"ListItem","position":2,"name":"Agile Practices","item":"https:\/\/skills.visual-paradigm.com\/fr\/agile-practices\/"},{"@type":"ListItem","position":3,"name":"Kanban"}]},{"@type":"WebSite","@id":"https:\/\/skills.visual-paradigm.com\/fr\/#website","url":"https:\/\/skills.visual-paradigm.com\/fr\/","name":"Visual Paradigm Skills Fran\u00e7ais","description":"","publisher":{"@id":"https:\/\/skills.visual-paradigm.com\/fr\/#organization"},"potentialAction":[{"@type":"SearchAction","target":{"@type":"EntryPoint","urlTemplate":"https:\/\/skills.visual-paradigm.com\/fr\/?s={search_term_string}"},"query-input":{"@type":"PropertyValueSpecification","valueRequired":true,"valueName":"search_term_string"}}],"inLanguage":"fr-FR"},{"@type":"Organization","@id":"https:\/\/skills.visual-paradigm.com\/fr\/#organization","name":"Visual Paradigm Skills Fran\u00e7ais","url":"https:\/\/skills.visual-paradigm.com\/fr\/","logo":{"@type":"ImageObject","inLanguage":"fr-FR","@id":"https:\/\/skills.visual-paradigm.com\/fr\/#\/schema\/logo\/image\/","url":"https:\/\/skills.visual-paradigm.com\/fr\/wp-content\/uploads\/sites\/6\/2026\/02\/favicon.svg","contentUrl":"https:\/\/skills.visual-paradigm.com\/fr\/wp-content\/uploads\/sites\/6\/2026\/02\/favicon.svg","width":70,"height":70,"caption":"Visual Paradigm Skills Fran\u00e7ais"},"image":{"@id":"https:\/\/skills.visual-paradigm.com\/fr\/#\/schema\/logo\/image\/"}}]}},"_links":{"self":[{"href":"https:\/\/skills.visual-paradigm.com\/fr\/wp-json\/wp\/v2\/pages\/2106","targetHints":{"allow":["GET"]}}],"collection":[{"href":"https:\/\/skills.visual-paradigm.com\/fr\/wp-json\/wp\/v2\/pages"}],"about":[{"href":"https:\/\/skills.visual-paradigm.com\/fr\/wp-json\/wp\/v2\/types\/page"}],"author":[{"embeddable":true,"href":"https:\/\/skills.visual-paradigm.com\/fr\/wp-json\/wp\/v2\/users\/1"}],"replies":[{"embeddable":true,"href":"https:\/\/skills.visual-paradigm.com\/fr\/wp-json\/wp\/v2\/comments?post=2106"}],"version-history":[{"count":7,"href":"https:\/\/skills.visual-paradigm.com\/fr\/wp-json\/wp\/v2\/pages\/2106\/revisions"}],"predecessor-version":[{"id":2118,"href":"https:\/\/skills.visual-paradigm.com\/fr\/wp-json\/wp\/v2\/pages\/2106\/revisions\/2118"}],"up":[{"embeddable":true,"href":"https:\/\/skills.visual-paradigm.com\/fr\/wp-json\/wp\/v2\/pages\/2086"}],"wp:attachment":[{"href":"https:\/\/skills.visual-paradigm.com\/fr\/wp-json\/wp\/v2\/media?parent=2106"}],"curies":[{"name":"wp","href":"https:\/\/api.w.org\/{rel}","templated":true}]}}