{"id":2147,"date":"2026-02-26T03:23:24","date_gmt":"2026-02-26T03:23:24","guid":{"rendered":"https:\/\/skills.visual-paradigm.com\/fr\/?page_id=2147"},"modified":"2026-02-26T03:28:24","modified_gmt":"2026-02-26T03:28:24","slug":"bpmn","status":"publish","type":"page","link":"https:\/\/skills.visual-paradigm.com\/fr\/business-analysis\/bpmn\/","title":{"rendered":"BPMN"},"content":{"rendered":"\t\t<div data-elementor-type=\"wp-page\" data-elementor-id=\"2147\" class=\"elementor elementor-2147\">\n\t\t\t\t<div class=\"elementor-element elementor-element-378768f e-flex e-con-boxed e-con e-parent\" data-id=\"378768f\" data-element_type=\"container\" data-e-type=\"container\" data-settings=\"{&quot;background_background&quot;:&quot;classic&quot;}\">\n\t\t\t\t\t<div class=\"e-con-inner\">\n\t\t<div class=\"elementor-element elementor-element-bf161a5 e-con-full e-flex e-con e-child\" data-id=\"bf161a5\" data-element_type=\"container\" data-e-type=\"container\">\n\t\t\t\t<div class=\"elementor-element elementor-element-c2869c8 elementor-widget elementor-widget-heading\" data-id=\"c2869c8\" data-element_type=\"widget\" data-e-type=\"widget\" data-widget_type=\"heading.default\">\n\t\t\t\t\t<h2 class=\"elementor-heading-title elementor-size-default\">Learn BPMN<\/h2>\t\t\t\t<\/div>\n\t\t\t\t<div class=\"elementor-element elementor-element-52ac105 elementor-widget elementor-widget-text-editor\" data-id=\"52ac105\" data-element_type=\"widget\" data-e-type=\"widget\" data-widget_type=\"text-editor.default\">\n\t\t\t\t\t\t\t\t\t<p data-path-to-node=\"13\">A universal set of symbols used to map out every step of a business process from start to finish.<\/p>\t\t\t\t\t\t\t\t<\/div>\n\t\t\t\t<\/div>\n\t\t\t\t\t<\/div>\n\t\t\t\t<\/div>\n\t\t<div class=\"elementor-element elementor-element-a8ec011 e-flex e-con-boxed e-con e-parent\" data-id=\"a8ec011\" data-element_type=\"container\" data-e-type=\"container\" data-settings=\"{&quot;background_background&quot;:&quot;classic&quot;}\">\n\t\t\t\t\t<div class=\"e-con-inner\">\n\t\t\t\t<div class=\"elementor-element elementor-element-886b3fe elementor-widget elementor-widget-heading\" data-id=\"886b3fe\" data-element_type=\"widget\" data-e-type=\"widget\" data-widget_type=\"heading.default\">\n\t\t\t\t\t<h2 class=\"elementor-heading-title elementor-size-default\">What is BPMN<\/h2>\t\t\t\t<\/div>\n\t\t\t\t<div class=\"elementor-element elementor-element-732413d elementor-widget__width-initial elementor-widget elementor-widget-text-editor\" data-id=\"732413d\" data-element_type=\"widget\" data-e-type=\"widget\" data-widget_type=\"text-editor.default\">\n\t\t\t\t\t\t\t\t\t<p data-path-to-node=\"5\">Think of BPMN as the <b data-path-to-node=\"5\" data-index-in-node=\"21\">\u00ab\u00a0Sheet Music for Business.\u00a0\u00bb<\/b> Just as musicians all over the world can read the same notes to play a song, business people use BPMN to show exactly how a process works. It uses simple shapes\u2014like circles for the \u00ab\u00a0Start,\u00a0\u00bb rectangles for \u00ab\u00a0Tasks,\u00a0\u00bb and diamonds for \u00ab\u00a0Decisions\u00a0\u00bb\u2014to show how a piece of work moves through a company. It\u2019s the best way to make sure everyone agrees on how a job should be done.<\/p>\t\t\t\t\t\t\t\t<\/div>\n\t\t\t\t\t<\/div>\n\t\t\t\t<\/div>\n\t\t<div class=\"elementor-element elementor-element-c27b5d8 e-flex e-con-boxed e-con e-parent\" data-id=\"c27b5d8\" data-element_type=\"container\" data-e-type=\"container\">\n\t\t\t\t\t<div class=\"e-con-inner\">\n\t\t\t\t<div class=\"elementor-element elementor-element-3f223f3 elementor-widget elementor-widget-heading\" data-id=\"3f223f3\" data-element_type=\"widget\" data-e-type=\"widget\" data-widget_type=\"heading.default\">\n\t\t\t\t\t<h2 class=\"elementor-heading-title elementor-size-default\">Recommended Guides<\/h2>\t\t\t\t<\/div>\n\t\t\t\t<div class=\"elementor-element elementor-element-ee04863 elementor-widget elementor-widget-shortcode\" data-id=\"ee04863\" data-element_type=\"widget\" data-e-type=\"widget\" data-widget_type=\"shortcode.default\">\n\t\t\t\t\t\t\t<div class=\"elementor-shortcode\"><div class=\"display-posts-listing ezd-grid-container\"><div class=\"listing-item\"><a class=\"title\" href=\"https:\/\/skills.visual-paradigm.com\/fr\/docs\/bpmn-diagram-types-explained\/\">BPMN Diagram Types Explained<\/a> <span class=\"excerpt\">If you\u2019ve ever struggled to choose between a BPMN process diagram, collaboration diagram, or choreography view\u2014only to end up with a confusing, inconsistent model\u2014you\u2019re not\u2026 <span class=\"excerpt-more\"><\/span><\/span><\/div><div class=\"listing-item\"><a class=\"title\" href=\"https:\/\/skills.visual-paradigm.com\/fr\/docs\/bpmn-fundamentals-for-beginners\/\">BPMN Fundamentals for Beginners<\/a> <span class=\"excerpt\">If you've ever stared at a blank canvas, wondering how to turn a complex workflow into a clear, shared diagram, you're not alone. Many beginners\u2026 <span class=\"excerpt-more\"><\/span><\/span><\/div><div class=\"listing-item\"><a class=\"title\" href=\"https:\/\/skills.visual-paradigm.com\/fr\/docs\/cmmn-vs-bpmn-when-to-use-which\/\">CMMN vs BPMN: When to Use Which?<\/a> <span class=\"excerpt\">Have you ever spent hours refining a BPMN diagram, only to realize the process it models is too unpredictable to fit a rigid flow? Or\u2026 <span class=\"excerpt-more\"><\/span><\/span><\/div><div class=\"listing-item\"><a class=\"title\" href=\"https:\/\/skills.visual-paradigm.com\/fr\/docs\/common-bpmn-mistakes-and-how-to-avoid-them\/\">Common BPMN Mistakes and How to Avoid Them<\/a> <span class=\"excerpt\">Have you ever spent hours refining a BPMN diagram\u2014only to have stakeholders walk away confused, or IT implement a process that doesn\u2019t match your intent?\u2026 <span class=\"excerpt-more\"><\/span><\/span><\/div><div class=\"listing-item\"><a class=\"title\" href=\"https:\/\/skills.visual-paradigm.com\/fr\/docs\/modeling-customer-journeys-with-bpmn\/\">Modeling Customer Journeys with BPMN<\/a> <span class=\"excerpt\">Have you ever found yourself staring at a beautiful journey map\u2014full of emotions, touchpoints, and moments of truth\u2014only to realize it doesn\u2019t help your team\u2026 <span class=\"excerpt-more\"><\/span><\/span><\/div><\/div><\/div>\n\t\t\t\t\t\t<\/div>\n\t\t\t\t\t<\/div>\n\t\t\t\t<\/div>\n\t\t\t\t<\/div>\n\t\t","protected":false},"excerpt":{"rendered":"<p>Learn BPMN A universal set of symbols used to map out every step of a business process from start to finish. What is BPMN Think of BPMN as the \u00ab\u00a0Sheet Music for Business.\u00a0\u00bb Just as musicians all over the world can read the same notes to play a song, business people use BPMN to show [&hellip;]<\/p>\n","protected":false},"author":1,"featured_media":0,"parent":2145,"menu_order":0,"comment_status":"closed","ping_status":"closed","template":"elementor_header_footer","meta":{"_acf_changed":false,"inline_featured_image":false,"site-sidebar-layout":"no-sidebar","site-content-layout":"","ast-site-content-layout":"full-width-container","site-content-style":"default","site-sidebar-style":"default","ast-global-header-display":"","ast-banner-title-visibility":"","ast-main-header-display":"","ast-hfb-above-header-display":"","ast-hfb-below-header-display":"","ast-hfb-mobile-header-display":"","site-post-title":"","ast-breadcrumbs-content":"","ast-featured-img":"disabled","footer-sml-layout":"","ast-disable-related-posts":"","theme-transparent-header-meta":"default","adv-header-id-meta":"","stick-header-meta":"","header-above-stick-meta":"","header-main-stick-meta":"","header-below-stick-meta":"","astra-migrate-meta-layouts":"set","ast-page-background-enabled":"default","ast-page-background-meta":{"desktop":{"background-color":"var(--ast-global-color-5)","background-image":"","background-repeat":"repeat","background-position":"center center","background-size":"auto","background-attachment":"scroll","background-type":"","background-media":"","overlay-type":"","overlay-color":"","overlay-opacity":"","overlay-gradient":""},"tablet":{"background-color":"","background-image":"","background-repeat":"repeat","background-position":"center center","background-size":"auto","background-attachment":"scroll","background-type":"","background-media":"","overlay-type":"","overlay-color":"","overlay-opacity":"","overlay-gradient":""},"mobile":{"background-color":"","background-image":"","background-repeat":"repeat","background-position":"center center","background-size":"auto","background-attachment":"scroll","background-type":"","background-media":"","overlay-type":"","overlay-color":"","overlay-opacity":"","overlay-gradient":""}},"ast-content-background-meta":{"desktop":{"background-color":"var(--ast-global-color-4)","background-image":"","background-repeat":"repeat","background-position":"center center","background-size":"auto","background-attachment":"scroll","background-type":"","background-media":"","overlay-type":"","overlay-color":"","overlay-opacity":"","overlay-gradient":""},"tablet":{"background-color":"var(--ast-global-color-4)","background-image":"","background-repeat":"repeat","background-position":"center center","background-size":"auto","background-attachment":"scroll","background-type":"","background-media":"","overlay-type":"","overlay-color":"","overlay-opacity":"","overlay-gradient":""},"mobile":{"background-color":"var(--ast-global-color-4)","background-image":"","background-repeat":"repeat","background-position":"center center","background-size":"auto","background-attachment":"scroll","background-type":"","background-media":"","overlay-type":"","overlay-color":"","overlay-opacity":"","overlay-gradient":""}},"footnotes":""},"class_list":["post-2147","page","type-page","status-publish","hentry"],"acf":[],"yoast_head":"<!-- This site is optimized with the Yoast SEO plugin v27.2 - https:\/\/yoast.com\/product\/yoast-seo-wordpress\/ -->\n<title>BPMN - Visual Paradigm Skills Fran\u00e7ais<\/title>\n<meta name=\"robots\" content=\"index, follow, max-snippet:-1, max-image-preview:large, max-video-preview:-1\" \/>\n<link rel=\"canonical\" href=\"https:\/\/skills.visual-paradigm.com\/fr\/business-analysis\/bpmn\/\" \/>\n<meta property=\"og:locale\" content=\"fr_FR\" \/>\n<meta property=\"og:type\" content=\"article\" \/>\n<meta property=\"og:title\" content=\"BPMN - Visual Paradigm Skills Fran\u00e7ais\" \/>\n<meta property=\"og:description\" content=\"Learn BPMN A universal set of symbols used to map out every step of a business process from start to finish. What is BPMN Think of BPMN as the \u00ab\u00a0Sheet Music for Business.\u00a0\u00bb Just as musicians all over the world can read the same notes to play a song, business people use BPMN to show [&hellip;]\" \/>\n<meta property=\"og:url\" content=\"https:\/\/skills.visual-paradigm.com\/fr\/business-analysis\/bpmn\/\" \/>\n<meta property=\"og:site_name\" content=\"Visual Paradigm Skills Fran\u00e7ais\" \/>\n<meta property=\"article:modified_time\" content=\"2026-02-26T03:28:24+00:00\" \/>\n<meta name=\"twitter:card\" content=\"summary_large_image\" \/>\n<meta name=\"twitter:label1\" content=\"Dur\u00e9e de lecture estim\u00e9e\" \/>\n\t<meta name=\"twitter:data1\" content=\"1 minute\" \/>\n<script type=\"application\/ld+json\" class=\"yoast-schema-graph\">{\"@context\":\"https:\/\/schema.org\",\"@graph\":[{\"@type\":\"WebPage\",\"@id\":\"https:\/\/skills.visual-paradigm.com\/fr\/business-analysis\/bpmn\/\",\"url\":\"https:\/\/skills.visual-paradigm.com\/fr\/business-analysis\/bpmn\/\",\"name\":\"BPMN - Visual Paradigm Skills Fran\u00e7ais\",\"isPartOf\":{\"@id\":\"https:\/\/skills.visual-paradigm.com\/fr\/#website\"},\"datePublished\":\"2026-02-26T03:23:24+00:00\",\"dateModified\":\"2026-02-26T03:28:24+00:00\",\"breadcrumb\":{\"@id\":\"https:\/\/skills.visual-paradigm.com\/fr\/business-analysis\/bpmn\/#breadcrumb\"},\"inLanguage\":\"fr-FR\",\"potentialAction\":[{\"@type\":\"ReadAction\",\"target\":[\"https:\/\/skills.visual-paradigm.com\/fr\/business-analysis\/bpmn\/\"]}]},{\"@type\":\"BreadcrumbList\",\"@id\":\"https:\/\/skills.visual-paradigm.com\/fr\/business-analysis\/bpmn\/#breadcrumb\",\"itemListElement\":[{\"@type\":\"ListItem\",\"position\":1,\"name\":\"Home\",\"item\":\"https:\/\/skills.visual-paradigm.com\/fr\/\"},{\"@type\":\"ListItem\",\"position\":2,\"name\":\"Business Analysis\",\"item\":\"https:\/\/skills.visual-paradigm.com\/fr\/business-analysis\/\"},{\"@type\":\"ListItem\",\"position\":3,\"name\":\"BPMN\"}]},{\"@type\":\"WebSite\",\"@id\":\"https:\/\/skills.visual-paradigm.com\/fr\/#website\",\"url\":\"https:\/\/skills.visual-paradigm.com\/fr\/\",\"name\":\"Visual Paradigm Skills Fran\u00e7ais\",\"description\":\"\",\"publisher\":{\"@id\":\"https:\/\/skills.visual-paradigm.com\/fr\/#organization\"},\"potentialAction\":[{\"@type\":\"SearchAction\",\"target\":{\"@type\":\"EntryPoint\",\"urlTemplate\":\"https:\/\/skills.visual-paradigm.com\/fr\/?s={search_term_string}\"},\"query-input\":{\"@type\":\"PropertyValueSpecification\",\"valueRequired\":true,\"valueName\":\"search_term_string\"}}],\"inLanguage\":\"fr-FR\"},{\"@type\":\"Organization\",\"@id\":\"https:\/\/skills.visual-paradigm.com\/fr\/#organization\",\"name\":\"Visual Paradigm Skills Fran\u00e7ais\",\"url\":\"https:\/\/skills.visual-paradigm.com\/fr\/\",\"logo\":{\"@type\":\"ImageObject\",\"inLanguage\":\"fr-FR\",\"@id\":\"https:\/\/skills.visual-paradigm.com\/fr\/#\/schema\/logo\/image\/\",\"url\":\"https:\/\/skills.visual-paradigm.com\/fr\/wp-content\/uploads\/sites\/6\/2026\/02\/favicon.svg\",\"contentUrl\":\"https:\/\/skills.visual-paradigm.com\/fr\/wp-content\/uploads\/sites\/6\/2026\/02\/favicon.svg\",\"width\":70,\"height\":70,\"caption\":\"Visual Paradigm Skills Fran\u00e7ais\"},\"image\":{\"@id\":\"https:\/\/skills.visual-paradigm.com\/fr\/#\/schema\/logo\/image\/\"}}]}<\/script>\n<!-- \/ Yoast SEO plugin. -->","yoast_head_json":{"title":"BPMN - Visual Paradigm Skills Fran\u00e7ais","robots":{"index":"index","follow":"follow","max-snippet":"max-snippet:-1","max-image-preview":"max-image-preview:large","max-video-preview":"max-video-preview:-1"},"canonical":"https:\/\/skills.visual-paradigm.com\/fr\/business-analysis\/bpmn\/","og_locale":"fr_FR","og_type":"article","og_title":"BPMN - Visual Paradigm Skills Fran\u00e7ais","og_description":"Learn BPMN A universal set of symbols used to map out every step of a business process from start to finish. What is BPMN Think of BPMN as the \u00ab\u00a0Sheet Music for Business.\u00a0\u00bb Just as musicians all over the world can read the same notes to play a song, business people use BPMN to show [&hellip;]","og_url":"https:\/\/skills.visual-paradigm.com\/fr\/business-analysis\/bpmn\/","og_site_name":"Visual Paradigm Skills Fran\u00e7ais","article_modified_time":"2026-02-26T03:28:24+00:00","twitter_card":"summary_large_image","twitter_misc":{"Dur\u00e9e de lecture estim\u00e9e":"1 minute"},"schema":{"@context":"https:\/\/schema.org","@graph":[{"@type":"WebPage","@id":"https:\/\/skills.visual-paradigm.com\/fr\/business-analysis\/bpmn\/","url":"https:\/\/skills.visual-paradigm.com\/fr\/business-analysis\/bpmn\/","name":"BPMN - Visual Paradigm Skills Fran\u00e7ais","isPartOf":{"@id":"https:\/\/skills.visual-paradigm.com\/fr\/#website"},"datePublished":"2026-02-26T03:23:24+00:00","dateModified":"2026-02-26T03:28:24+00:00","breadcrumb":{"@id":"https:\/\/skills.visual-paradigm.com\/fr\/business-analysis\/bpmn\/#breadcrumb"},"inLanguage":"fr-FR","potentialAction":[{"@type":"ReadAction","target":["https:\/\/skills.visual-paradigm.com\/fr\/business-analysis\/bpmn\/"]}]},{"@type":"BreadcrumbList","@id":"https:\/\/skills.visual-paradigm.com\/fr\/business-analysis\/bpmn\/#breadcrumb","itemListElement":[{"@type":"ListItem","position":1,"name":"Home","item":"https:\/\/skills.visual-paradigm.com\/fr\/"},{"@type":"ListItem","position":2,"name":"Business Analysis","item":"https:\/\/skills.visual-paradigm.com\/fr\/business-analysis\/"},{"@type":"ListItem","position":3,"name":"BPMN"}]},{"@type":"WebSite","@id":"https:\/\/skills.visual-paradigm.com\/fr\/#website","url":"https:\/\/skills.visual-paradigm.com\/fr\/","name":"Visual Paradigm Skills Fran\u00e7ais","description":"","publisher":{"@id":"https:\/\/skills.visual-paradigm.com\/fr\/#organization"},"potentialAction":[{"@type":"SearchAction","target":{"@type":"EntryPoint","urlTemplate":"https:\/\/skills.visual-paradigm.com\/fr\/?s={search_term_string}"},"query-input":{"@type":"PropertyValueSpecification","valueRequired":true,"valueName":"search_term_string"}}],"inLanguage":"fr-FR"},{"@type":"Organization","@id":"https:\/\/skills.visual-paradigm.com\/fr\/#organization","name":"Visual Paradigm Skills Fran\u00e7ais","url":"https:\/\/skills.visual-paradigm.com\/fr\/","logo":{"@type":"ImageObject","inLanguage":"fr-FR","@id":"https:\/\/skills.visual-paradigm.com\/fr\/#\/schema\/logo\/image\/","url":"https:\/\/skills.visual-paradigm.com\/fr\/wp-content\/uploads\/sites\/6\/2026\/02\/favicon.svg","contentUrl":"https:\/\/skills.visual-paradigm.com\/fr\/wp-content\/uploads\/sites\/6\/2026\/02\/favicon.svg","width":70,"height":70,"caption":"Visual Paradigm Skills Fran\u00e7ais"},"image":{"@id":"https:\/\/skills.visual-paradigm.com\/fr\/#\/schema\/logo\/image\/"}}]}},"_links":{"self":[{"href":"https:\/\/skills.visual-paradigm.com\/fr\/wp-json\/wp\/v2\/pages\/2147","targetHints":{"allow":["GET"]}}],"collection":[{"href":"https:\/\/skills.visual-paradigm.com\/fr\/wp-json\/wp\/v2\/pages"}],"about":[{"href":"https:\/\/skills.visual-paradigm.com\/fr\/wp-json\/wp\/v2\/types\/page"}],"author":[{"embeddable":true,"href":"https:\/\/skills.visual-paradigm.com\/fr\/wp-json\/wp\/v2\/users\/1"}],"replies":[{"embeddable":true,"href":"https:\/\/skills.visual-paradigm.com\/fr\/wp-json\/wp\/v2\/comments?post=2147"}],"version-history":[{"count":4,"href":"https:\/\/skills.visual-paradigm.com\/fr\/wp-json\/wp\/v2\/pages\/2147\/revisions"}],"predecessor-version":[{"id":2176,"href":"https:\/\/skills.visual-paradigm.com\/fr\/wp-json\/wp\/v2\/pages\/2147\/revisions\/2176"}],"up":[{"embeddable":true,"href":"https:\/\/skills.visual-paradigm.com\/fr\/wp-json\/wp\/v2\/pages\/2145"}],"wp:attachment":[{"href":"https:\/\/skills.visual-paradigm.com\/fr\/wp-json\/wp\/v2\/media?parent=2147"}],"curies":[{"name":"wp","href":"https:\/\/api.w.org\/{rel}","templated":true}]}}